{"id":281,"date":"2020-07-09T18:56:14","date_gmt":"2020-07-09T18:56:14","guid":{"rendered":"https:\/\/lespressovirginia.com\/barista\/"},"modified":"2024-04-24T16:59:46","modified_gmt":"2024-04-24T16:59:46","slug":"barista","status":"publish","type":"page","link":"https:\/\/lespressovirginia.com\/en\/barista\/","title":{"rendered":"Barista"},"content":{"rendered":"<p>[et_pb_section fb_built=&#8221;1&#8243; fullwidth=&#8221;on&#8221; admin_label=&#8221;Header Section&#8221; _builder_version=&#8221;4.16&#8243; background_color=&#8221;#000000&#8243; custom_padding=&#8221;0px|0|0|0px|false|false&#8221; top_divider_style=&#8221;arrow2&#8243; top_divider_color=&#8221;rgba(255,255,255,0.5)&#8221; top_divider_height=&#8221;349px&#8221; bottom_divider_style=&#8221;arrow3&#8243; bottom_divider_color=&#8221;rgba(255,255,255,0.5)&#8221; bottom_divider_height=&#8221;318px&#8221; global_colors_info=&#8221;{}&#8221;][et_pb_fullwidth_header text_orientation=&#8221;center&#8221; header_fullscreen=&#8221;on&#8221; header_scroll_down=&#8221;on&#8221; scroll_down_icon=&#8221;%%2%%&#8221; scroll_down_icon_color=&#8221;#ffffff&#8221; background_overlay_color=&#8221;rgba(86,0,0,0)&#8221; content_max_width_last_edited=&#8221;off|desktop&#8221; admin_label=&#8221;Contents&#8221; _builder_version=&#8221;4.25.0&#8243; title_font=&#8221;|||on|||||&#8221; title_text_align=&#8221;center&#8221; title_font_size=&#8221;60px&#8221; title_letter_spacing=&#8221;0.1em&#8221; title_line_height=&#8221;1.5em&#8221; subhead_font=&#8221;Nunito|600|||||||&#8221; subhead_font_size=&#8221;20px&#8221; subhead_line_height=&#8221;1.9em&#8221; background_image=&#8221;https:\/\/lespressovirginia.com\/wp-content\/uploads\/2024\/04\/Barista.webp&#8221; custom_button_one=&#8221;on&#8221; button_one_text_size=&#8221;15px&#8221; button_one_bg_color=&#8221;#dca57d&#8221; button_one_border_width=&#8221;10px&#8221; button_one_border_color=&#8221;#dca57d&#8221; button_one_border_radius=&#8221;0px&#8221; button_one_letter_spacing=&#8221;3px&#8221; button_one_font=&#8221;Oswald|||on|&#8221; button_one_use_icon=&#8221;off&#8221; animation_style=&#8221;fade&#8221; animation_starting_opacity=&#8221;50%&#8221; animation_speed_curve=&#8221;ease-in&#8221; title_font_size_tablet=&#8221;50px&#8221; title_font_size_phone=&#8221;40px&#8221; title_font_size_last_edited=&#8221;on|tablet&#8221; button_one_border_color_hover=&#8221;#c99872&#8243; button_one_border_radius_hover=&#8221;0px&#8221; button_one_letter_spacing_hover=&#8221;3px&#8221; button_one_bg_color_hover=&#8221;#c99872&#8243; global_colors_info=&#8221;{}&#8221; button_one_text_size__hover_enabled=&#8221;off&#8221; button_two_text_size__hover_enabled=&#8221;off&#8221; button_one_text_color__hover_enabled=&#8221;off&#8221; button_two_text_color__hover_enabled=&#8221;off&#8221; button_one_border_width__hover_enabled=&#8221;off&#8221; button_two_border_width__hover_enabled=&#8221;off&#8221; button_one_border_color__hover_enabled=&#8221;on&#8221; button_one_border_color__hover=&#8221;#c99872&#8243; button_two_border_color__hover_enabled=&#8221;off&#8221; button_one_border_radius__hover_enabled=&#8221;on&#8221; button_one_border_radius__hover=&#8221;0px&#8221; button_two_border_radius__hover_enabled=&#8221;off&#8221; button_one_letter_spacing__hover_enabled=&#8221;on&#8221; button_one_letter_spacing__hover=&#8221;3px&#8221; button_two_letter_spacing__hover_enabled=&#8221;off&#8221; button_one_bg_color__hover_enabled=&#8221;on&#8221; button_one_bg_color__hover=&#8221;#c99872&#8243; button_two_bg_color__hover_enabled=&#8221;off&#8221;][\/et_pb_fullwidth_header][\/et_pb_section][et_pb_section fb_built=&#8221;1&#8243; admin_label=&#8221;What we do&#8221; _builder_version=&#8221;4.16&#8243; use_background_color_gradient=&#8221;on&#8221; background_color_gradient_direction=&#8221;34deg&#8221; background_color_gradient_stops=&#8221;rgba(242,227,222,0.77) 0%|#ffffff 73%&#8221; background_color_gradient_overlays_image=&#8221;on&#8221; background_color_gradient_start=&#8221;rgba(242,227,222,0.77)&#8221; background_color_gradient_end=&#8221;#ffffff&#8221; background_color_gradient_end_position=&#8221;73%&#8221; background_image=&#8221;https:\/\/lespressovirginia.com\/wp-content\/uploads\/2020\/07\/20933790_111342966255306_6227538451494099774_o.jpg&#8221; custom_padding=&#8221;80px|0px|0|0px|false|false&#8221; box_shadow_style=&#8221;preset7&#8243; box_shadow_horizontal=&#8221;0px&#8221; box_shadow_vertical=&#8221;80px&#8221; box_shadow_color=&#8221;#ffffff&#8221; locked=&#8221;off&#8221; global_colors_info=&#8221;{}&#8221;][et_pb_row column_structure=&#8221;1_2,1_2&#8243; admin_label=&#8221;what we do Row&#8221; _builder_version=&#8221;4.16&#8243; custom_padding=&#8221;70px|0px|79px|0px|false|false&#8221; global_colors_info=&#8221;{}&#8221;][et_pb_column type=&#8221;1_2&#8243; _builder_version=&#8221;4.16&#8243; custom_padding=&#8221;|||&#8221; global_colors_info=&#8221;{}&#8221; custom_padding__hover=&#8221;|||&#8221;][et_pb_image src=&#8221;https:\/\/lespressovirginia.com\/wp-content\/uploads\/2020\/07\/photo-1510279931157-4ca63af8a363.jpg&#8221; align_tablet=&#8221;center&#8221; align_phone=&#8221;&#8221; align_last_edited=&#8221;on|desktop&#8221; _builder_version=&#8221;4.16&#8243; max_width=&#8221;85%&#8221; max_width_tablet=&#8221;35%&#8221; max_width_phone=&#8221;50%&#8221; max_width_last_edited=&#8221;on|desktop&#8221; custom_margin=&#8221;48px|||&#8221; custom_margin_tablet=&#8221;-112px|||&#8221; custom_margin_phone=&#8221;&#8221; custom_margin_last_edited=&#8221;on|phone&#8221; custom_padding=&#8221;|||&#8221; animation_style=&#8221;slide&#8221; animation_direction=&#8221;bottom&#8221; animation_intensity_slide=&#8221;20%&#8221; animation_speed_curve=&#8221;ease-out&#8221; border_width_all=&#8221;2px&#8221; border_color_all=&#8221;#ffffff&#8221; box_shadow_style=&#8221;preset5&#8243; box_shadow_vertical=&#8221;0px&#8221; box_shadow_spread=&#8221;2px&#8221; box_shadow_color=&#8221;#8e4500&#8243; global_colors_info=&#8221;{}&#8221;][\/et_pb_image][et_pb_image src=&#8221;https:\/\/lespressovirginia.com\/wp-content\/uploads\/2020\/07\/barista-profesional-vertiendo-leche-en-la-taza-de-cafe_1112-479.jpg&#8221; align_tablet=&#8221;center&#8221; align_phone=&#8221;&#8221; align_last_edited=&#8221;on|desktop&#8221; _builder_version=&#8221;4.16&#8243; max_width=&#8221;85%&#8221; max_width_tablet=&#8221;35%&#8221; max_width_phone=&#8221;50%&#8221; max_width_last_edited=&#8221;on|desktop&#8221; custom_margin=&#8221;198px||13px|&#8221; custom_margin_tablet=&#8221;24px||36px|&#8221; custom_margin_phone=&#8221;&#8221; custom_margin_last_edited=&#8221;on|phone&#8221; custom_padding=&#8221;|||&#8221; animation_style=&#8221;slide&#8221; animation_direction=&#8221;bottom&#8221; animation_intensity_slide=&#8221;16%&#8221; border_width_all=&#8221;2px&#8221; border_color_all=&#8221;#ffffff&#8221; box_shadow_style=&#8221;preset3&#8243; box_shadow_vertical=&#8221;0px&#8221; box_shadow_blur=&#8221;0px&#8221; box_shadow_spread=&#8221;2px&#8221; box_shadow_color=&#8221;#8e4500&#8243; global_colors_info=&#8221;{}&#8221;][\/et_pb_image][\/et_pb_column][et_pb_column type=&#8221;1_2&#8243; _builder_version=&#8221;4.16&#8243; custom_padding=&#8221;140px|||6%&#8221; global_colors_info=&#8221;{}&#8221; custom_padding__hover=&#8221;|||&#8221;][et_pb_text _builder_version=&#8221;4.25.0&#8243; text_font=&#8221;Abel||||||||&#8221; text_font_size=&#8221;20px&#8221; text_line_height=&#8221;1.8em&#8221; link_font=&#8221;||||||||&#8221; ul_font=&#8221;||||||||&#8221; header_font=&#8221;||||||||&#8221; header_2_font=&#8221;||||||||&#8221; header_3_font=&#8221;||||||||&#8221; header_3_font_size=&#8221;45px&#8221; header_3_line_height=&#8221;1.5em&#8221; header_4_font=&#8221;||||||||&#8221; header_5_font=&#8221;Poppins|700||on|||||&#8221; header_5_text_color=&#8221;#ecd5c5&#8243; header_5_letter_spacing=&#8221;15px&#8221; header_5_line_height=&#8221;1.8em&#8221; text_orientation=&#8221;justified&#8221; max_width_tablet=&#8221;100%&#8221; max_width_phone=&#8221;100%&#8221; max_width_last_edited=&#8221;on|desktop&#8221; module_alignment=&#8221;right&#8221; custom_margin=&#8221;-172px|||-100px&#8221; custom_margin_tablet=&#8221;|||-22px&#8221; custom_margin_phone=&#8221;&#8221; custom_margin_last_edited=&#8221;on|phone&#8221; custom_padding=&#8221;|||0px&#8221; global_colors_info=&#8221;{}&#8221;]<\/p>\n<h1><span class=\"wsw-13\">\u00bfQu\u00e9 es un Barista?<\/span><\/h1>\n<p>Un Barista es un especialista en preparar caf\u00e9 y se ocupa de todas las fases de su preparaci\u00f3n, desde la selecci\u00f3n de granos hasta la elaboraci\u00f3n de recetas y presentaci\u00f3n. Los Baristas son considerados los artesanos del caf\u00e9.<\/p>\n<p>Un buen caf\u00e9 requiere m\u00e1s trabajo de lo que se ve a simple vista. Se necesitan t\u00e9cnicas, conocimiento y experiencia para conseguir el caf\u00e9 perfecto. Los profesionales del caf\u00e9 distinguen desde el sabor hasta el aroma, pasando por la acidez, el dulzor y otros matices. Es una profesi\u00f3n que ejercen los apasionados en la materia.<\/p>\n<h4><strong><span class=\"wsw-13\">\u00a0<\/span><\/strong><\/h4>\n<p>[\/et_pb_text][et_pb_text _builder_version=&#8221;4.16&#8243; text_font=&#8221;Abel||||||||&#8221; text_font_size=&#8221;20px&#8221; text_line_height=&#8221;1.8em&#8221; header_3_font_size=&#8221;45px&#8221; header_3_line_height=&#8221;1.5em&#8221; header_5_font=&#8221;Poppins|700||on|||||&#8221; header_5_text_color=&#8221;#ecd5c5&#8243; header_5_letter_spacing=&#8221;15px&#8221; header_5_line_height=&#8221;1.8em&#8221; text_orientation=&#8221;justified&#8221; max_width_tablet=&#8221;&#8221; max_width_phone=&#8221;&#8221; max_width_last_edited=&#8221;on|desktop&#8221; module_alignment=&#8221;right&#8221; custom_margin=&#8221;|||-100px&#8221; custom_margin_tablet=&#8221;|||-23px&#8221; custom_margin_phone=&#8221;&#8221; custom_margin_last_edited=&#8221;on|desktop&#8221; custom_padding=&#8221;|||&#8221; global_colors_info=&#8221;{}&#8221;]<\/p>\n<h1><span class=\"wsw-13\">Caffetter\u00eda L&#8217;espresso Virginia<\/span><\/h1>\n<p>Nuestro personal est\u00e1 ampliamente formado en caf\u00e9. Nos esforzamos para que nuestro caf\u00e9 quede tal y como le gusta al cliente. Disponemos de 7 variantes de caf\u00e9 as\u00ed como de multiples opciones para combinarlo.<br \/>\n[\/et_pb_text][et_pb_video src=&#8221;https:\/\/lespressovirginia.com\/wp-content\/uploads\/2024\/04\/Baristas1.mp4&#8243; image_src=&#8221;https:\/\/lespressovirginia.com\/wp-content\/uploads\/2020\/07\/Fondo_Barista4.jpg&#8221; _builder_version=&#8221;4.25.0&#8243; custom_margin=&#8221;|||-106px&#8221; hover_enabled=&#8221;0&#8243; border_width_all=&#8221;2px&#8221; border_color_all=&#8221;#ffffff&#8221; box_shadow_style=&#8221;preset5&#8243; box_shadow_vertical=&#8221;0px&#8221; box_shadow_spread=&#8221;2px&#8221; box_shadow_color=&#8221;#8e4500&#8243; global_colors_info=&#8221;{}&#8221; title_text=&#8221;Baristas1&#8243; sticky_enabled=&#8221;0&#8243;][\/et_pb_video][\/et_pb_column][\/et_pb_row][\/et_pb_section][et_pb_section fb_built=&#8221;1&#8243; admin_label=&#8221;Gallery&#8221; _builder_version=&#8221;4.16&#8243; background_color_gradient_direction=&#8221;90deg&#8221; custom_padding=&#8221;0px|0px|0px|0px&#8221; border_width_top=&#8221;2px&#8221; border_color_top=&#8221;#ffffff&#8221; border_width_bottom=&#8221;2px&#8221; border_color_bottom=&#8221;#ffffff&#8221; locked=&#8221;off&#8221; global_colors_info=&#8221;{}&#8221;][et_pb_row column_structure=&#8221;1_4,1_4,1_4,1_4&#8243; use_custom_gutter=&#8221;on&#8221; gutter_width=&#8221;1&#8243; make_equal=&#8221;on&#8221; admin_label=&#8221;Best Beans Row&#8221; module_class=&#8221; et_pb_row_fullwidth&#8221; _builder_version=&#8221;4.16&#8243; width=&#8221;100%&#8221; width_tablet=&#8221;100%&#8221; width_phone=&#8221;&#8221; width_last_edited=&#8221;on|desktop&#8221; max_width=&#8221;100%&#8221; max_width_tablet=&#8221;100%&#8221; max_width_phone=&#8221;&#8221; max_width_last_edited=&#8221;on|desktop&#8221; custom_margin=&#8221;|||&#8221; custom_padding=&#8221;0px|0px|0px|0px&#8221; make_fullwidth=&#8221;on&#8221; global_colors_info=&#8221;{}&#8221;][et_pb_column type=&#8221;1_4&#8243; _builder_version=&#8221;4.16&#8243; custom_padding=&#8221;|||&#8221; global_colors_info=&#8221;{}&#8221; custom_padding__hover=&#8221;|||&#8221;][et_pb_image src=&#8221;https:\/\/lespressovirginia.com\/wp-content\/uploads\/2020\/07\/Cafe\u0301s-L\u00b4espresso-1.jpg&#8221; url=&#8221;https:\/\/lespressovirginia.com\/cafe\/&#8221; force_fullwidth=&#8221;on&#8221; align_tablet=&#8221;center&#8221; align_phone=&#8221;&#8221; align_last_edited=&#8221;on|desktop&#8221; _builder_version=&#8221;4.16&#8243; border_width_right=&#8221;2px&#8221; border_color_right=&#8221;#ffffff&#8221; border_width_left=&#8221;2px&#8221; border_color_left=&#8221;#ffffff&#8221; locked=&#8221;off&#8221; global_colors_info=&#8221;{}&#8221;][\/et_pb_image][\/et_pb_column][et_pb_column type=&#8221;1_4&#8243; _builder_version=&#8221;4.16&#8243; custom_padding=&#8221;|||&#8221; global_colors_info=&#8221;{}&#8221; custom_padding__hover=&#8221;|||&#8221;][et_pb_image src=&#8221;https:\/\/lespressovirginia.com\/wp-content\/uploads\/2024\/04\/Galeria_Castellano.webp&#8221; title_text=&#8221;Galeria_Castellano&#8221; url=&#8221;https:\/\/lespressovirginia.com\/plaza-de-la-constitucion\/&#8221; force_fullwidth=&#8221;on&#8221; align_tablet=&#8221;center&#8221; align_phone=&#8221;&#8221; align_last_edited=&#8221;on|desktop&#8221; _builder_version=&#8221;4.25.0&#8243; height=&#8221;263px&#8221; height_tablet=&#8221;214px&#8221; height_phone=&#8221;233px&#8221; height_last_edited=&#8221;on|phone&#8221; border_color_all=&#8221;#ffffff&#8221; border_width_right=&#8221;2px&#8221; border_width_left=&#8221;2px&#8221; locked=&#8221;off&#8221; global_colors_info=&#8221;{}&#8221;][\/et_pb_image][\/et_pb_column][et_pb_column type=&#8221;1_4&#8243; _builder_version=&#8221;4.16&#8243; custom_padding=&#8221;|||&#8221; global_colors_info=&#8221;{}&#8221; custom_padding__hover=&#8221;|||&#8221;][et_pb_image src=&#8221;https:\/\/lespressovirginia.com\/wp-content\/uploads\/2020\/07\/Para-degustar.jpg&#8221; url=&#8221;https:\/\/lespressovirginia.com\/la-carta\/&#8221; force_fullwidth=&#8221;on&#8221; align_tablet=&#8221;center&#8221; align_phone=&#8221;&#8221; align_last_edited=&#8221;on|desktop&#8221; _builder_version=&#8221;4.16&#8243; border_width_right=&#8221;2px&#8221; border_color_right=&#8221;#ffffff&#8221; border_width_left=&#8221;2px&#8221; border_color_left=&#8221;#ffffff&#8221; locked=&#8221;off&#8221; global_colors_info=&#8221;{}&#8221;][\/et_pb_image][\/et_pb_column][et_pb_column type=&#8221;1_4&#8243; _builder_version=&#8221;4.16&#8243; custom_padding=&#8221;|||&#8221; global_colors_info=&#8221;{}&#8221; custom_padding__hover=&#8221;|||&#8221;][et_pb_image src=&#8221;https:\/\/lespressovirginia.com\/wp-content\/uploads\/2020\/07\/Pie-contacto-1.jpg&#8221; url=&#8221;https:\/\/lespressovirginia.com\/contacto\/&#8221; force_fullwidth=&#8221;on&#8221; align_tablet=&#8221;center&#8221; align_phone=&#8221;&#8221; align_last_edited=&#8221;on|desktop&#8221; _builder_version=&#8221;4.16&#8243; border_width_right=&#8221;2px&#8221; border_color_right=&#8221;#ffffff&#8221; border_width_left=&#8221;2px&#8221; border_color_left=&#8221;#ffffff&#8221; global_colors_info=&#8221;{}&#8221;][\/et_pb_image][\/et_pb_column][\/et_pb_row][\/et_pb_section]<\/p>\n","protected":false},"excerpt":{"rendered":"<p>\u00bfQu\u00e9 es un Barista? Un Barista es un especialista en preparar caf\u00e9 y se ocupa de todas las fases de su preparaci\u00f3n, desde la selecci\u00f3n de granos hasta la elaboraci\u00f3n de recetas y presentaci\u00f3n. Los Baristas son considerados los artesanos del caf\u00e9. Un buen caf\u00e9 requiere m\u00e1s trabajo de lo que se ve a simple [&hellip;]<\/p>\n","protected":false},"author":1,"featured_media":0,"parent":0,"menu_order":0,"comment_status":"closed","ping_status":"closed","template":"","meta":{"_et_pb_use_builder":"on","_et_pb_old_content":"","_et_gb_content_width":"","footnotes":""},"class_list":["post-281","page","type-page","status-publish","hentry"],"_links":{"self":[{"href":"https:\/\/lespressovirginia.com\/en\/wp-json\/wp\/v2\/pages\/281"}],"collection":[{"href":"https:\/\/lespressovirginia.com\/en\/wp-json\/wp\/v2\/pages"}],"about":[{"href":"https:\/\/lespressovirginia.com\/en\/wp-json\/wp\/v2\/types\/page"}],"author":[{"embeddable":true,"href":"https:\/\/lespressovirginia.com\/en\/wp-json\/wp\/v2\/users\/1"}],"replies":[{"embeddable":true,"href":"https:\/\/lespressovirginia.com\/en\/wp-json\/wp\/v2\/comments?post=281"}],"version-history":[{"count":16,"href":"https:\/\/lespressovirginia.com\/en\/wp-json\/wp\/v2\/pages\/281\/revisions"}],"predecessor-version":[{"id":862,"href":"https:\/\/lespressovirginia.com\/en\/wp-json\/wp\/v2\/pages\/281\/revisions\/862"}],"wp:attachment":[{"href":"https:\/\/lespressovirginia.com\/en\/wp-json\/wp\/v2\/media?parent=281"}],"curies":[{"name":"wp","href":"https:\/\/api.w.org\/{rel}","templated":true}]}}